{"id":120703,"date":"2024-12-15T19:59:28","date_gmt":"2024-12-15T18:59:28","guid":{"rendered":"https:\/\/www.mojevrijeme.hr\/magazin\/?page_id=120703"},"modified":"2024-12-31T20:12:53","modified_gmt":"2024-12-31T19:12:53","slug":"cjenik-oglasavanja","status":"publish","type":"page","link":"https:\/\/www.mojevrijeme.hr\/magazin\/cjenik-oglasavanja\/","title":{"rendered":"Cjenik ogla\u0161avanja &#8211; sije\u010danj 2025."},"content":{"rendered":"\n<div style=\"height:100px\" aria-hidden=\"true\" class=\"wp-block-spacer\"><\/div>\n\n\n\n<div class=\"wp-block-columns is-layout-flex wp-container-core-columns-is-layout-9d6595d7 wp-block-columns-is-layout-flex\">\n<div class=\"wp-block-column is-layout-flow wp-block-column-is-layout-flow\">\n<blockquote class=\"wp-block-quote is-layout-flow wp-block-quote-is-layout-flow\">\n<p class=\"has-vivid-red-color has-text-color has-link-color wp-elements-a52665e57c869cc1885c08b0554f20a4\">Va\u0161a poruka, na\u0161a publika,<br>zajedni\u010dki uspjeh<\/p>\n\n\n\n<p class=\"has-white-color has-text-color has-link-color wp-elements-7e4ac651328708ea719ac0894fa30934\">.<\/p>\n\n\n\n<p class=\"has-text-align-right has-black-color has-text-color has-link-color wp-elements-ffc2fc03319f22302d7c3a79e0f31fe9\">Vode\u0107i portal specijaliziran za \u010ditatelje srednje i zrele \u017eivotne dobi s vi\u0161e od <strong>921.000<\/strong> jedinstvenih posjetitelja mjese\u010dno.<\/p>\n<\/blockquote>\n<\/div>\n\n\n\n<div class=\"wp-block-column is-layout-flow wp-block-column-is-layout-flow\">\n<figure class=\"wp-block-image size-large\"><img loading=\"lazy\" decoding=\"async\" width=\"740\" height=\"444\" src=\"https:\/\/www.mojevrijeme.hr\/magazin\/wp-content\/uploads\/2024\/12\/marketing-740x444.jpg\" alt=\"\" class=\"wp-image-122882\" srcset=\"https:\/\/www.mojevrijeme.hr\/magazin\/wp-content\/uploads\/2024\/12\/marketing-740x444.jpg 740w, https:\/\/www.mojevrijeme.hr\/magazin\/wp-content\/uploads\/2024\/12\/marketing-636x382.jpg 636w, https:\/\/www.mojevrijeme.hr\/magazin\/wp-content\/uploads\/2024\/12\/marketing-768x461.jpg 768w, https:\/\/www.mojevrijeme.hr\/magazin\/wp-content\/uploads\/2024\/12\/marketing-1536x922.jpg 1536w, https:\/\/www.mojevrijeme.hr\/magazin\/wp-content\/uploads\/2024\/12\/marketing-1500x900.jpg 1500w, https:\/\/www.mojevrijeme.hr\/magazin\/wp-content\/uploads\/2024\/12\/marketing-1600x960.jpg 1600w, https:\/\/www.mojevrijeme.hr\/magazin\/wp-content\/uploads\/2024\/12\/marketing-590x354.jpg 590w, https:\/\/www.mojevrijeme.hr\/magazin\/wp-content\/uploads\/2024\/12\/marketing-400x240.jpg 400w, https:\/\/www.mojevrijeme.hr\/magazin\/wp-content\/uploads\/2024\/12\/marketing.jpg 2000w\" sizes=\"auto, (max-width: 740px) 100vw, 740px\" \/><\/figure>\n<\/div>\n<\/div>\n\n\n\n<div style=\"height:100px\" aria-hidden=\"true\" class=\"wp-block-spacer\"><\/div>\n\n\n\n<hr class=\"wp-block-separator has-alpha-channel-opacity\"\/>\n\n\n\n<div class=\"wp-block-columns is-layout-flex wp-container-core-columns-is-layout-9d6595d7 wp-block-columns-is-layout-flex\">\n<div class=\"wp-block-column is-layout-flow wp-block-column-is-layout-flow\">\n<h2 class=\"wp-block-heading has-text-align-center\">\u010citatelja<\/h2>\n\n\n\n<h1 class=\"wp-block-heading has-text-align-center has-vivid-red-color has-text-color has-link-color wp-elements-a1264afe428c3da0f7ddec5726eeefdc\">921.000<\/h1>\n<\/div>\n\n\n\n<div class=\"wp-block-column is-layout-flow wp-block-column-is-layout-flow\">\n<h2 class=\"wp-block-heading has-text-align-center\">Otvaranja stranica<\/h2>\n\n\n\n<h1 class=\"wp-block-heading has-text-align-center has-vivid-red-color has-text-color has-link-color wp-elements-6a8974eb30d46d88ea988a44d707f1fb\">3.000.000<\/h1>\n<\/div>\n\n\n\n<div class=\"wp-block-column is-layout-flow wp-block-column-is-layout-flow\">\n<h2 class=\"wp-block-heading has-text-align-center\">FB pratitelja<\/h2>\n\n\n\n<h1 class=\"wp-block-heading has-text-align-center has-vivid-red-color has-text-color has-link-color wp-elements-77225f2615bb9ee2d0bcb19e482e8aa3\">37.000<\/h1>\n<\/div>\n<\/div>\n\n\n\n<p class=\"has-text-align-center has-cyan-bluish-gray-color has-text-color has-link-color has-small-font-size wp-elements-72e2d7f075a358b9f633034b2e999291\">prosinac 2024. | unique users | page views | Google Analytics<\/p>\n\n\n\n<hr class=\"wp-block-separator has-alpha-channel-opacity\"\/>\n\n\n\n<div style=\"height:100px\" aria-hidden=\"true\" class=\"wp-block-spacer\"><\/div>\n\n\n\n<div class=\"wp-block-columns is-layout-flex wp-container-core-columns-is-layout-9d6595d7 wp-block-columns-is-layout-flex\">\n<div class=\"wp-block-column is-layout-flow wp-block-column-is-layout-flow\">\n<h2 class=\"wp-block-heading has-text-align-center\">Sponzorirani \u010dlanak<\/h2>\n\n\n\n<p class=\"has-text-align-center\">Oblik ogla\u0161avanja u kojem klijent dostavlja unaprijed u cijelosti pripremljen sadr\u017eaj koji promovira njegove proizvode, usluge ili ideje. Sponzorirani \u010dlanak podlo\u017ean je redakturi i mora pratiti standarde dobre medijske prakse.<br><\/p>\n\n\n\n<h1 class=\"wp-block-heading has-text-align-center has-vivid-red-color has-text-color has-link-color wp-elements-76e9dbe3b39c5e6b094e544371403ce4\">700 <sup>\u20ac<\/sup><\/h1>\n\n\n\n<ul class=\"wp-block-list\">\n<li>veli\u010dina teksta do 5 kartica<\/li>\n\n\n\n<li>mo\u017ee sadr\u017eavati do 5 fotografija<\/li>\n\n\n\n<li>zadr\u017eava se na naslovnici 48 sati <\/li>\n\n\n\n<li>objavljuje se na na\u0161oj stranici Facebooka<\/li>\n\n\n\n<li>prema \u017eelji klijenta, mo\u017ee sadr\u017eavati poveznice \u010dije odredi\u0161te mora trajno odgovarati sadr\u017eaju priloga<\/li>\n\n\n\n<li>ostaje trajno u bazi \u010dlanaka<\/li>\n\n\n\n<li>nosi oznaku &#8220;sponzorirani sadr\u017eaj&#8221;<\/li>\n<\/ul>\n<\/div>\n\n\n\n<div class=\"wp-block-column is-layout-flow wp-block-column-is-layout-flow\">\n<h2 class=\"wp-block-heading has-text-align-center\">Native \u010dlanak<\/h2>\n\n\n\n<p class=\"has-text-align-center\">Native \u010dlanak je sadr\u017eaj koji je posebno osmi\u0161ljen tako da se uklopi u stil, format i ton na\u0161eg medija. Zbog toga i posti\u017ee bolje rezultate kod \u010ditatelja. Za razliku od sponzoriranog \u010dlanka, u suradnji s vama pi\u0161u ga i osmi\u0161ljavaju na\u0161i <em>content <\/em>autori.<\/p>\n\n\n\n<h1 class=\"wp-block-heading has-text-align-center has-vivid-red-color has-text-color has-link-color wp-elements-169abe404dc954bef498d94d7c444d40\">1.000 <sup>\u20ac<\/sup><\/h1>\n\n\n\n<ul class=\"wp-block-list\">\n<li>veli\u010dina teksta do 5 kartica<\/li>\n\n\n\n<li>mo\u017ee sadr\u017eavati do 5 fotografija<\/li>\n\n\n\n<li>zadr\u017eava se na naslovnici 48 sati<\/li>\n\n\n\n<li>objavljuje se na na\u0161oj stranici Facebooka<\/li>\n\n\n\n<li>prema \u017eelji klijenta, mo\u017ee sadr\u017eavati poveznice \u010dije odredi\u0161te mora trajno odgovarati sadr\u017eaju priloga<\/li>\n\n\n\n<li>ostaje trajno u bazi priloga<\/li>\n\n\n\n<li>nosi oznaku da je nastao u suradnji naru\u010ditelja i <em>content <\/em>autora Mojevrijeme.hr portala<\/li>\n<\/ul>\n<\/div>\n<\/div>\n\n\n\n<hr class=\"wp-block-separator has-alpha-channel-opacity is-style-default\"\/>\n\n\n\n<p class=\"has-text-align-center has-small-font-size\">za avansna pla\u0107anja odobravamo popust od 5% || nakladnik nije u sustavu PDV-a<\/p>\n\n\n\n<div style=\"height:50px\" aria-hidden=\"true\" class=\"wp-block-spacer\"><\/div>\n\n\n\n<p class=\"has-text-align-center\">za sve dodatne informacije: <code>marketing@mojevrijeme.hr<\/code><\/p>\n\n\n\n<div style=\"height:100px\" aria-hidden=\"true\" class=\"wp-block-spacer\"><\/div>\n","protected":false},"excerpt":{"rendered":"<p>Va\u0161a poruka, na\u0161a publika,zajedni\u010dki uspjeh . Vode\u0107i portal specijaliziran za \u010ditatelje srednje i zrele \u017eivotne dobi s vi\u0161e od 921.000 jedinstvenih posjetitelja mjese\u010dno. \u010citatelja 921.000 Otvaranja stranica 3.000.000 FB pratitelja 37.000 prosinac 2024. | unique users | page views | Google Analytics Sponzorirani \u010dlanak Oblik ogla\u0161avanja u kojem klijent dostavlja unaprijed u cijelosti pripremljen sadr\u017eaj [&hellip;]<\/p>\n","protected":false},"author":1,"featured_media":0,"parent":0,"menu_order":0,"comment_status":"closed","ping_status":"closed","template":"page-fullwidth.php","meta":{"footnotes":""},"class_list":["post-120703","page","type-page","status-publish","hentry"],"_links":{"self":[{"href":"https:\/\/www.mojevrijeme.hr\/magazin\/wp-json\/wp\/v2\/pages\/120703","targetHints":{"allow":["GET"]}}],"collection":[{"href":"https:\/\/www.mojevrijeme.hr\/magazin\/wp-json\/wp\/v2\/pages"}],"about":[{"href":"https:\/\/www.mojevrijeme.hr\/magazin\/wp-json\/wp\/v2\/types\/page"}],"author":[{"embeddable":true,"href":"https:\/\/www.mojevrijeme.hr\/magazin\/wp-json\/wp\/v2\/users\/1"}],"replies":[{"embeddable":true,"href":"https:\/\/www.mojevrijeme.hr\/magazin\/wp-json\/wp\/v2\/comments?post=120703"}],"version-history":[{"count":0,"href":"https:\/\/www.mojevrijeme.hr\/magazin\/wp-json\/wp\/v2\/pages\/120703\/revisions"}],"wp:attachment":[{"href":"https:\/\/www.mojevrijeme.hr\/magazin\/wp-json\/wp\/v2\/media?parent=120703"}],"curies":[{"name":"wp","href":"https:\/\/api.w.org\/{rel}","templated":true}]}}