{"id":135222,"date":"2025-05-27T10:33:57","date_gmt":"2025-05-27T08:33:57","guid":{"rendered":"https:\/\/www.mojevrijeme.hr\/magazin\/?page_id=135222"},"modified":"2025-05-27T13:50:11","modified_gmt":"2025-05-27T11:50:11","slug":"mirovina","status":"publish","type":"page","link":"https:\/\/www.mojevrijeme.hr\/magazin\/mirovina\/","title":{"rendered":"Mirovina"},"content":{"rendered":"\n<div id=\"zeleno\"> Kako ostvariti pravo na mirovinu u Hrvatskoj \u2013 uvjeti, vrste mirovina, potrebni dokumenti i korisni savjeti za starosnu, prijevremenu i invalidsku mirovinu. <\/div>\n\n\n\n<figure class=\"wp-block-image size-full\"><img loading=\"lazy\" decoding=\"async\" width=\"2000\" height=\"1200\" src=\"https:\/\/www.mojevrijeme.hr\/magazin\/wp-content\/uploads\/2023\/11\/kad-mogu-u-penziju.jpg\" alt=\"Koji su uvjeti za penziju?\" class=\"wp-image-91515\" srcset=\"https:\/\/www.mojevrijeme.hr\/magazin\/wp-content\/uploads\/2023\/11\/kad-mogu-u-penziju.jpg 2000w, https:\/\/www.mojevrijeme.hr\/magazin\/wp-content\/uploads\/2023\/11\/kad-mogu-u-penziju-636x382.jpg 636w, https:\/\/www.mojevrijeme.hr\/magazin\/wp-content\/uploads\/2023\/11\/kad-mogu-u-penziju-740x444.jpg 740w, https:\/\/www.mojevrijeme.hr\/magazin\/wp-content\/uploads\/2023\/11\/kad-mogu-u-penziju-768x461.jpg 768w, https:\/\/www.mojevrijeme.hr\/magazin\/wp-content\/uploads\/2023\/11\/kad-mogu-u-penziju-1536x922.jpg 1536w, https:\/\/www.mojevrijeme.hr\/magazin\/wp-content\/uploads\/2023\/11\/kad-mogu-u-penziju-1500x900.jpg 1500w, https:\/\/www.mojevrijeme.hr\/magazin\/wp-content\/uploads\/2023\/11\/kad-mogu-u-penziju-1600x960.jpg 1600w, https:\/\/www.mojevrijeme.hr\/magazin\/wp-content\/uploads\/2023\/11\/kad-mogu-u-penziju-590x354.jpg 590w, https:\/\/www.mojevrijeme.hr\/magazin\/wp-content\/uploads\/2023\/11\/kad-mogu-u-penziju-400x240.jpg 400w\" sizes=\"auto, (max-width: 2000px) 100vw, 2000px\" \/><figcaption class=\"wp-element-caption\">ilustracija: S. Bura\/mj<\/figcaption><\/figure>\n\n\n\n<h2 class=\"wp-block-heading has-text-align-center\">Uvjeti za starosnu mirovinu u 2025. godini<\/h2>\n\n\n\n<p>Pravo na starosnu mirovinu u Hrvatskoj stje\u010de se s 65 godina \u017eivota i minimalno 15 godina mirovinskog sta\u017ea. Za \u017eene u prijelaznom razdoblju (2020.\u20132029.) vrijede bla\u017ei uvjeti. U 2025. godini \u017eene mogu u mirovinu s 63 godine i 9 mjeseci, \u0161to je tri mjeseca vi\u0161e nego 2024. Dob \u0107e se postupno pove\u0107avati do izjedna\u010denja s mu\u0161kom dobi (65 godina) 1. sije\u010dnja 2030. Starosna mirovina za dugogodi\u0161nje osiguranike namijenjena je osobama koje su rano po\u010dele raditi. Ovo pravo stje\u010de se s 60 godina i 41 godinom efektivnog mirovinskog sta\u017ea, ali nije dostupno onima koji ispunjavaju uvjete za redovitu starosnu mirovinu. Zahtjev za mirovinu podnosi se najranije mjesec dana prije prestanka osiguranja. Ako je podnesen unutar \u0161est mjeseci od prestanka, mirovina po\u010dinje od prvog dana nakon prestanka rada. Kod kasnijeg podno\u0161enja, isplata mo\u017ee biti retroaktivna najvi\u0161e \u0161est mjeseci unatrag od sljede\u0107eg mjeseca nakon zahtjeva. Vi\u0161e detalja o uvjetima za starosnu mirovinu mo\u017eete prona\u0107i na <a href=\"https:\/\/www.mojevrijeme.hr\/magazin\/2025\/04\/starosna-mirovina-u-2025-tko-kada-i-pod-kojim-uvjetima-moze-otici\/\">ovoj poveznici<\/a>.<\/p>\n\n\n\n<div style=\"height:30px\" aria-hidden=\"true\" class=\"wp-block-spacer\"><\/div>\n\n\n\n<div class=\"wp-block-columns is-layout-flex wp-container-core-columns-is-layout-9d6595d7 wp-block-columns-is-layout-flex\">\n<div class=\"wp-block-column is-layout-flow wp-block-column-is-layout-flow\">\n<figure class=\"wp-block-image size-large\"><img loading=\"lazy\" decoding=\"async\" width=\"740\" height=\"444\" src=\"https:\/\/www.mojevrijeme.hr\/magazin\/wp-content\/uploads\/2023\/04\/muskarac-mehanicar-740x444.jpg\" alt=\"Koji su uvjeti za prijevremenu mirovinu?\" class=\"wp-image-70907\" srcset=\"https:\/\/www.mojevrijeme.hr\/magazin\/wp-content\/uploads\/2023\/04\/muskarac-mehanicar-740x444.jpg 740w, https:\/\/www.mojevrijeme.hr\/magazin\/wp-content\/uploads\/2023\/04\/muskarac-mehanicar-636x382.jpg 636w, https:\/\/www.mojevrijeme.hr\/magazin\/wp-content\/uploads\/2023\/04\/muskarac-mehanicar-768x461.jpg 768w, https:\/\/www.mojevrijeme.hr\/magazin\/wp-content\/uploads\/2023\/04\/muskarac-mehanicar-1536x922.jpg 1536w, https:\/\/www.mojevrijeme.hr\/magazin\/wp-content\/uploads\/2023\/04\/muskarac-mehanicar-1500x900.jpg 1500w, https:\/\/www.mojevrijeme.hr\/magazin\/wp-content\/uploads\/2023\/04\/muskarac-mehanicar-1600x960.jpg 1600w, https:\/\/www.mojevrijeme.hr\/magazin\/wp-content\/uploads\/2023\/04\/muskarac-mehanicar-590x354.jpg 590w, https:\/\/www.mojevrijeme.hr\/magazin\/wp-content\/uploads\/2023\/04\/muskarac-mehanicar-400x240.jpg 400w, https:\/\/www.mojevrijeme.hr\/magazin\/wp-content\/uploads\/2023\/04\/muskarac-mehanicar.jpg 2000w\" sizes=\"auto, (max-width: 740px) 100vw, 740px\" \/><\/figure>\n\n\n\n<h2 class=\"wp-block-heading has-text-align-center\">Uvjeti za prijevremenu starosnu mirovinu<\/h2>\n\n\n\n<p class=\"has-text-align-center\">Mu\u0161karci stje\u010du pravo na prijevremenu starosnu mirovinu s 60 godina i 35 godina mirovinskog sta\u017ea. \u017dene u 2025. godini mogu u prijevremenu mirovinu s 58 godina i 9 mjeseci te 33 godina i 9 mjeseci sta\u017ea, prema povoljnijim uvjetima koji vrijede do 2029. Od 2030. godine uvjeti za mu\u0161karce i \u017eene izjedna\u010dit \u0107e se na labore godina i 35 godina sta\u017ea. Penalizacija za prijevremenu mirovinu iznosi 0,2% smanjenja mirovine po mjesecu prije dobi za redovnu mirovinu. U slu\u010daju ste\u010daja poslodavca, potrebne su dvije godine neprekidne nezaposlenosti prijavljene nadle\u017enoj slu\u017ebi. Korisnici prijevremene mirovine mogu raditi pola radnog vremena bez obustave mirovine. Zahtjev se podnosi unutar \u0161est mjeseci od prestanka osiguranja za isplatu od prvog dana nakon prestanka rada; kasnije podno\u0161enje omogu\u0107uje retroaktivnu isplatu najvi\u0161e \u0161est mjeseci unatrag. Vi\u0161e podataka potra\u017eite na <a href=\"https:\/\/www.mojevrijeme.hr\/magazin\/2025\/05\/zelite-prijevremenu-mirovinu-ovo-su-uvjeti-za-2025-godinu\/\">ovoj poveznici<\/a>.<\/p>\n<\/div>\n\n\n\n<div class=\"wp-block-column is-layout-flow wp-block-column-is-layout-flow\">\n<figure class=\"wp-block-image size-large\"><img loading=\"lazy\" decoding=\"async\" width=\"740\" height=\"444\" src=\"https:\/\/www.mojevrijeme.hr\/magazin\/wp-content\/uploads\/2025\/01\/radnik-jozo-740x444.jpg\" alt=\"Mu\u0161karac u plavom radnom odijelu stoji u industrijskoj hali, naslonjen na metalnu ogradu, s ozbiljnim izrazom lica. U pozadini se naziru strojevi i duga\u010dak hodnik tvornice.\" class=\"wp-image-135331\" srcset=\"https:\/\/www.mojevrijeme.hr\/magazin\/wp-content\/uploads\/2025\/01\/radnik-jozo-740x444.jpg 740w, https:\/\/www.mojevrijeme.hr\/magazin\/wp-content\/uploads\/2025\/01\/radnik-jozo-636x382.jpg 636w, https:\/\/www.mojevrijeme.hr\/magazin\/wp-content\/uploads\/2025\/01\/radnik-jozo-768x461.jpg 768w, https:\/\/www.mojevrijeme.hr\/magazin\/wp-content\/uploads\/2025\/01\/radnik-jozo-1536x922.jpg 1536w, https:\/\/www.mojevrijeme.hr\/magazin\/wp-content\/uploads\/2025\/01\/radnik-jozo-1500x900.jpg 1500w, https:\/\/www.mojevrijeme.hr\/magazin\/wp-content\/uploads\/2025\/01\/radnik-jozo-1600x960.jpg 1600w, https:\/\/www.mojevrijeme.hr\/magazin\/wp-content\/uploads\/2025\/01\/radnik-jozo-590x354.jpg 590w, https:\/\/www.mojevrijeme.hr\/magazin\/wp-content\/uploads\/2025\/01\/radnik-jozo-400x240.jpg 400w, https:\/\/www.mojevrijeme.hr\/magazin\/wp-content\/uploads\/2025\/01\/radnik-jozo.jpg 2000w\" sizes=\"auto, (max-width: 740px) 100vw, 740px\" \/><\/figure>\n\n\n\n<h2 class=\"wp-block-heading has-text-align-center\">Uvjeti za invalidsku mirovinu<\/h2>\n\n\n\n<p class=\"has-text-align-center\">Invalidska mirovina ostvaruje se kada osiguranik zadovolji dva uvjeta: gubitak radne sposobnosti (djelomi\u010dni ili potpuni) i odre\u0111eni mirovinski sta\u017e. Djelomi\u010dni gubitak podrazumijeva da osoba mo\u017ee raditi do 70% radnog vremena na prilago\u0111enim poslovima. Potpuni gubitak ozna\u010dava trajnu nesposobnost za bilo kakav rad. Ako je invalidnost nastala prije 65. godine, osiguranik mora imati najmanje jednu tre\u0107inu sta\u017ea u odnosu na svoj radni vijek, koji se ra\u010duna od 20. godine \u017eivota, a za visokoobrazovane osobe od 23. ili 26. godine. Radni vijek se skra\u0107uje za vrijeme provedeno na vojnoj obuci ili na burzi rada. Mla\u0111im osobama s potpunim gubitkom radne sposobnosti dovoljan je i kra\u0107i sta\u017e. U slu\u010daju ozljede na radu ili profesionalne bolesti, pravo na mirovinu ostvaruje se neovisno o duljini sta\u017ea. Invalidska mirovina zbog bolesti prelazi u starosnu kad korisnik dosegne zakonom propisanu dob. Vi\u0161e <a href=\"https:\/\/www.mojevrijeme.hr\/magazin\/2025\/05\/imate-zdravstvenih-problema-evo-kada-imate-pravo-na-invalidsku-mirovinu\/\">pro\u010ditajte ovdje<\/a>.<\/p>\n<\/div>\n<\/div>\n\n\n\n<div style=\"height:30px\" aria-hidden=\"true\" class=\"wp-block-spacer\"><\/div>\n\n\n\n<div class=\"wp-block-columns is-layout-flex wp-container-core-columns-is-layout-9d6595d7 wp-block-columns-is-layout-flex\">\n<div class=\"wp-block-column is-layout-flow wp-block-column-is-layout-flow\">\n<h2 class=\"wp-block-heading has-text-align-center\">Kada HZMO obustavlja mirovinu<\/h2>\n\n\n\n<figure class=\"wp-block-image size-large\"><img loading=\"lazy\" decoding=\"async\" width=\"740\" height=\"444\" src=\"https:\/\/www.mojevrijeme.hr\/magazin\/wp-content\/uploads\/2025\/04\/penzionerka-jula-740x444.jpg\" alt=\"Starija \u017eena u crvenoj haljini koristi bankomat na sun\u010danoj hrvatskoj ulici. Na licu joj je blagi izraz ozbiljnosti dok unosi PIN, a pozadina otkriva tipi\u010dan urbani ambijent s prolaznicima i zelenilom, uz osje\u0107aj svakodnevice i lokalne atmosfere.\" class=\"wp-image-133868\" srcset=\"https:\/\/www.mojevrijeme.hr\/magazin\/wp-content\/uploads\/2025\/04\/penzionerka-jula-740x444.jpg 740w, https:\/\/www.mojevrijeme.hr\/magazin\/wp-content\/uploads\/2025\/04\/penzionerka-jula-636x382.jpg 636w, https:\/\/www.mojevrijeme.hr\/magazin\/wp-content\/uploads\/2025\/04\/penzionerka-jula-768x461.jpg 768w, https:\/\/www.mojevrijeme.hr\/magazin\/wp-content\/uploads\/2025\/04\/penzionerka-jula-1536x922.jpg 1536w, https:\/\/www.mojevrijeme.hr\/magazin\/wp-content\/uploads\/2025\/04\/penzionerka-jula-1500x900.jpg 1500w, https:\/\/www.mojevrijeme.hr\/magazin\/wp-content\/uploads\/2025\/04\/penzionerka-jula-1600x960.jpg 1600w, https:\/\/www.mojevrijeme.hr\/magazin\/wp-content\/uploads\/2025\/04\/penzionerka-jula-590x354.jpg 590w, https:\/\/www.mojevrijeme.hr\/magazin\/wp-content\/uploads\/2025\/04\/penzionerka-jula-400x240.jpg 400w, https:\/\/www.mojevrijeme.hr\/magazin\/wp-content\/uploads\/2025\/04\/penzionerka-jula.jpg 2000w\" sizes=\"auto, (max-width: 740px) 100vw, 740px\" \/><\/figure>\n\n\n\n<p class=\"has-text-align-center\">HZMO mo\u017ee obustaviti isplatu mirovine ili drugih primanja ako korisnik ne dostavi tra\u017eene podatke, poput OIB-a, potvrde o \u017eivotu, punomo\u0107i ili obavijesti o promjeni adrese, a koje Zavod ne mo\u017ee pribaviti slu\u017ebeno. Isplata se tako\u0111er zaustavlja ako korisnik ne obavi potrebne radnje ili ne izvijesti HZMO o va\u017enim \u010dinjenicama. Propu\u0161tena primanja mogu se isplatiti naknadno, ali najvi\u0161e za 12 mjeseci unatrag od dostave potrebnih podataka. U slu\u010daju smrti korisnika, neispla\u0107ena primanja mogu se naslijediti uz predo\u010denje valjane dokumentacije i podno\u0161enje zahtjeva. Vi\u0161e na <a href=\"https:\/\/www.mojevrijeme.hr\/magazin\/2025\/05\/hzmo-moze-obustaviti-mirovinu-evo-u-kojim-slucajevima\/\">ovoj poveznici<\/a>.<\/p>\n<\/div>\n\n\n\n<div class=\"wp-block-column is-layout-flow wp-block-column-is-layout-flow\">\n<h2 class=\"wp-block-heading has-text-align-center\">Kako i kada se pla\u0107a porez na mirovinu<\/h2>\n\n\n\n<p class=\"has-text-align-center\">Vi\u0161e od 60 posto umirovljenika ne pla\u0107a porez jer im primanja ne prelaze osnovni osobni odbitak od 600 eura. Porez se pla\u0107a samo na iznos koji prema\u0161uje odbitak, uz mogu\u0107nost dodatnog uve\u0107anja odbitka zbog invaliditeta ili uzdr\u017eavanih \u010dlanova obitelji. Porezne stope odre\u0111uje lokalna samouprava, ali umirovljenici ostvaruju pravo na umanjenje od 50 posto. U Zagrebu je efektivna stopa naj\u010de\u0161\u0107e 11,5 posto. Inozemne mirovine podlije\u017eu oporezivanju, osim ako postoji me\u0111unarodni sporazum. Umirovljenici koji rade mogu rasporediti osobni odbitak izme\u0111u pla\u0107e i mirovine. Detaljnije pro\u010ditajte na <a href=\"https:\/\/www.mojevrijeme.hr\/magazin\/2025\/05\/trebate-li-platiti-porez-na-mirovinu-kljucan-je-iznos-primitka\/\">ovoj poveznici<\/a>.<\/p>\n\n\n\n<figure class=\"wp-block-image size-large\"><img loading=\"lazy\" decoding=\"async\" width=\"740\" height=\"444\" src=\"https:\/\/www.mojevrijeme.hr\/magazin\/wp-content\/uploads\/2024\/10\/pravnica-740x444.jpg\" alt=\"Sindikat umirovljenika zapo\u0161ljava pravnika ili pravnicu.\" class=\"wp-image-117956\" srcset=\"https:\/\/www.mojevrijeme.hr\/magazin\/wp-content\/uploads\/2024\/10\/pravnica-740x444.jpg 740w, https:\/\/www.mojevrijeme.hr\/magazin\/wp-content\/uploads\/2024\/10\/pravnica-636x382.jpg 636w, https:\/\/www.mojevrijeme.hr\/magazin\/wp-content\/uploads\/2024\/10\/pravnica-768x461.jpg 768w, https:\/\/www.mojevrijeme.hr\/magazin\/wp-content\/uploads\/2024\/10\/pravnica-1536x922.jpg 1536w, https:\/\/www.mojevrijeme.hr\/magazin\/wp-content\/uploads\/2024\/10\/pravnica-1500x900.jpg 1500w, https:\/\/www.mojevrijeme.hr\/magazin\/wp-content\/uploads\/2024\/10\/pravnica-1600x960.jpg 1600w, https:\/\/www.mojevrijeme.hr\/magazin\/wp-content\/uploads\/2024\/10\/pravnica-590x354.jpg 590w, https:\/\/www.mojevrijeme.hr\/magazin\/wp-content\/uploads\/2024\/10\/pravnica-400x240.jpg 400w, https:\/\/www.mojevrijeme.hr\/magazin\/wp-content\/uploads\/2024\/10\/pravnica.jpg 2000w\" sizes=\"auto, (max-width: 740px) 100vw, 740px\" \/><\/figure>\n<\/div>\n\n\n\n<div class=\"wp-block-column is-layout-flow wp-block-column-is-layout-flow\">\n<h2 class=\"wp-block-heading has-text-align-center\">Informativni izra\u010dun mirovine<\/h2>\n\n\n\n<figure class=\"wp-block-image size-large\"><img loading=\"lazy\" decoding=\"async\" width=\"740\" height=\"416\" src=\"https:\/\/www.mojevrijeme.hr\/magazin\/wp-content\/uploads\/2025\/04\/majstor-grgo-1-740x416.jpg\" alt=\"Otkrijte 7 \u010destih gre\u0161aka kod samostalnog odr\u017eavanja automobila koje vas mogu skupo stajati. Od krivih alata do pogre\u0161nih teku\u0107ina \u2013 saznajte \u0161to nikako ne smijete raditi ako \u017eelite izbje\u0107i skupe popravke i sa\u010duvati sigurnost na cesti.\" class=\"wp-image-132736\" srcset=\"https:\/\/www.mojevrijeme.hr\/magazin\/wp-content\/uploads\/2025\/04\/majstor-grgo-1-740x416.jpg 740w, https:\/\/www.mojevrijeme.hr\/magazin\/wp-content\/uploads\/2025\/04\/majstor-grgo-1-636x358.jpg 636w, https:\/\/www.mojevrijeme.hr\/magazin\/wp-content\/uploads\/2025\/04\/majstor-grgo-1-768x432.jpg 768w, https:\/\/www.mojevrijeme.hr\/magazin\/wp-content\/uploads\/2025\/04\/majstor-grgo-1-1536x864.jpg 1536w, https:\/\/www.mojevrijeme.hr\/magazin\/wp-content\/uploads\/2025\/04\/majstor-grgo-1.jpg 1600w\" sizes=\"auto, (max-width: 740px) 100vw, 740px\" \/><\/figure>\n\n\n\n<p>Ako imate 10 ili 15 godina do mirovine, lako mo\u017eete doznati \u0161to vas \u010deka. Platforma <strong>Moja mirovina<\/strong>, dio sustava e-Gra\u0111ani, nudi <strong>anonimni kalkulator<\/strong> za grubu procjenu i <strong>personalizirani izra\u010dun<\/strong> uz prijavu. Sustav automatski o\u010ditava va\u0161e uplate i nudi tri usporedna izra\u010duna: za mirovinu iz jednog stupa, dva stupa te u slu\u010daju da odmah prestanete raditi. Za prijavu mo\u017eete koristiti <strong>mToken Fine<\/strong>. Nova usluga daje precizniji uvid jer uklju\u010duje i prvi i drugi mirovinski stup, za razliku od starog kalkulatora koji je pokrivao samo prvi stup. Detalje potra\u017eite na <a href=\"https:\/\/www.mojevrijeme.hr\/magazin\/2025\/05\/jedva-cekate-mirovinu-saznajte-odmah-koliki-iznos-vas-ceka\/\">ovoj poveznici<\/a>.<\/p>\n<\/div>\n<\/div>\n","protected":false},"excerpt":{"rendered":"<p>Uvjeti za starosnu mirovinu u 2025. godini Pravo na starosnu mirovinu u Hrvatskoj stje\u010de se s 65 godina \u017eivota i minimalno 15 godina mirovinskog sta\u017ea. Za \u017eene u prijelaznom razdoblju (2020.\u20132029.) vrijede bla\u017ei uvjeti. U 2025. godini \u017eene mogu u mirovinu s 63 godine i 9 mjeseci, \u0161to je tri mjeseca vi\u0161e nego 2024. Dob [&hellip;]<\/p>\n","protected":false},"author":1,"featured_media":0,"parent":0,"menu_order":0,"comment_status":"closed","ping_status":"closed","template":"page-fullwidth.php","meta":{"footnotes":""},"class_list":["post-135222","page","type-page","status-publish","hentry"],"_links":{"self":[{"href":"https:\/\/www.mojevrijeme.hr\/magazin\/wp-json\/wp\/v2\/pages\/135222","targetHints":{"allow":["GET"]}}],"collection":[{"href":"https:\/\/www.mojevrijeme.hr\/magazin\/wp-json\/wp\/v2\/pages"}],"about":[{"href":"https:\/\/www.mojevrijeme.hr\/magazin\/wp-json\/wp\/v2\/types\/page"}],"author":[{"embeddable":true,"href":"https:\/\/www.mojevrijeme.hr\/magazin\/wp-json\/wp\/v2\/users\/1"}],"replies":[{"embeddable":true,"href":"https:\/\/www.mojevrijeme.hr\/magazin\/wp-json\/wp\/v2\/comments?post=135222"}],"version-history":[{"count":32,"href":"https:\/\/www.mojevrijeme.hr\/magazin\/wp-json\/wp\/v2\/pages\/135222\/revisions"}],"predecessor-version":[{"id":135976,"href":"https:\/\/www.mojevrijeme.hr\/magazin\/wp-json\/wp\/v2\/pages\/135222\/revisions\/135976"}],"wp:attachment":[{"href":"https:\/\/www.mojevrijeme.hr\/magazin\/wp-json\/wp\/v2\/media?parent=135222"}],"curies":[{"name":"wp","href":"https:\/\/api.w.org\/{rel}","templated":true}]}}