{"id":208,"date":"2014-02-26T15:18:17","date_gmt":"2014-02-26T14:18:17","guid":{"rendered":"http:\/\/mojevrijeme.com\/?page_id=208"},"modified":"2025-09-12T09:18:40","modified_gmt":"2025-09-12T07:18:40","slug":"uvjeti-koristenja","status":"publish","type":"page","link":"https:\/\/www.mojevrijeme.hr\/magazin\/uvjeti-koristenja\/","title":{"rendered":"Uvjeti kori\u0161tenja"},"content":{"rendered":"\n<h2 class=\"wp-block-heading\"><span style=\"font-size: 1.5em; line-height: 1.5em;\">1.<\/span><\/h2>\n\n\n\n<p><span style=\"line-height: 1.5em;\">Uvjeti kori\u0161tenja se primjenjuju na sve korisnike MojeVrijeme.hr stranice i njenih servisa. Pretpostavlja se da ste kori\u0161tenjem ovih stranica, ili bilo kojeg njihovog dijela, u svakom trenutku upoznati s aktualnim sadr\u017eajem Uvjeta kori\u0161tenja te da ste ih u potpunosti razumjeli i prihvatili.<\/span><\/p>\n\n\n\n<h2 class=\"wp-block-heading\"><span style=\"line-height: 1.5em;\">2.<\/span><\/h2>\n\n\n\n<p>Ova internetska stranica pokriva veliki raspon tema, od informativnih sadr\u017eaja op\u0107eg karaktera do specifi\u010dnih tekstova iz podru\u010dja zakonodavstva, medicine i znanstveno utemeljene za\u0161tite zdravlja. Niti jedan dio MojeVrijeme.hr&nbsp;stranice ne mo\u017ee se shvatiti kao zamjena za stru\u010dnost, vje\u0161tinu ili znanje na tim podru\u010djima. MojeVrijeme.hr&nbsp;\u0107e se truditi da informacije koje objavljuje budu \u0161to to\u010dnije i preciznije, no ne jam\u010di njihovu to\u010dnost ili cjelovitost.<\/p>\n\n\n\n<h2 class=\"wp-block-heading\"><span style=\"line-height: 1.5em;\">3.<\/span><\/h2>\n\n\n\n<p><span style=\"line-height: 1.5em;\">MojeVrijeme.hr&nbsp;&nbsp;isklju\u010duje svoju odgovornost za svaku izravnu i\/ili neizravnu \u0161tetu koja proizlazi ili bi mogla proizi\u0107i iz pristupa, kori\u0161tenja ili nemogu\u0107nosti kori\u0161tenja ove stranice kao i za bilo kakvu pogre\u0161ku ili propust u sadr\u017eaju ove web stranice.<\/span><\/p>\n\n\n\n<h2 class=\"wp-block-heading\"><span style=\"line-height: 1.5em;\">4.<\/span><\/h2>\n\n\n\n<p><span style=\"line-height: 1.5em;\">MojeVrijeme.hr\u00a0pola\u017ee autorska prava na sve vlastite sadr\u017eaje. Preno\u0161enje na\u0161ih sadr\u017eaja dopu\u0161tamo u razumnoj mjeri, uz obavezno navo\u0111enje izvora i <a title=\"Wikipedia\" href=\"http:\/\/hr.wikipedia.org\/wiki\/Poveznica\" target=\"_blank\" rel=\"noopener noreferrer\">linka (poveznice)<\/a> na originalan sadr\u017eaj unutar prva dva pasusa prenesenog teksta te <strong>uz pismeno odobrenje MojeVrijeme.hr\u00a0uredni\u0161tva<\/strong>. Ako smatrate da je MojeVrijeme.hr\u00a0povrijedio va\u0161a autorska prava, molimo da nas o tome \u0161to prije obavijestite kako bismo ispravili gre\u0161ku.<\/span><\/p>\n\n\n\n<h2 class=\"wp-block-heading\">&nbsp;5.<\/h2>\n\n\n\n<p>MojeVrijeme.hr&nbsp;po\u0161tuje privatnost posjetitelja stranice i mo\u017ee prikupljati podatke o njihovom identitetu, kao \u0161to su ime, adresa, broj telefona ili e-mail adresa samo kad su ustupljeni dobrovoljno. Te podatke \u0107emo koristiti kako bismo udovoljili va\u0161im zahtjevima za informacijama i ponekad \u0107emo ih koristiti kako bismo stupili u kontakt s vama. Va\u0161e podatke ne\u0107emo prenositi bilo kojoj tre\u0107oj strani bez va\u0161eg odobrenja.<\/p>\n\n\n\n<h2 class=\"wp-block-heading\"><span style=\"line-height: 1.5em;\">6.<\/span><\/h2>\n\n\n<div id=\"crveno\"><\/p>\n<p>Korisnicima MojeVrijeme.hr servisa je najstro\u017ee zabranjena objava sadr\u017eaja koji \u0161ire i poti\u010du mr\u017enju, netoleranciju i diskriminaciju na osnovi rase, nacije, vjere, spola ili seksualnog identiteta. Nije dopu\u0161teno objava la\u017enih informacija, la\u017eno predstavljanje, objava kleveta, prijetnji, zastra\u0161ivanja te bilo kakvih tekstova koji kr\u0161e zakone Republike Hrvatske. Zabranjeno je izno\u0161enje privatnih podataka korisnika ili tre\u0107ih osoba, osim ako se ne radi o op\u0107epoznatim podacima javnih osoba. Korisnici u svakom pogledu odgovaraju za sadr\u017eaj objavljenih komentara.<\/p>\n<p><\/div>\n\n\n\n<h2 class=\"wp-block-heading\">7.<\/h2>\n\n\n\n<p><span style=\"line-height: 1.5em;\">Komercijalno ogla\u0161avanje na svim dijelovima i servisima stranice&nbsp;MojeVrijeme.hr&nbsp;je dopu\u0161teno isklju\u010divo uz suglasnost administratora.<\/span><\/p>\n\n\n\n<h2 class=\"wp-block-heading\">8.<\/h2>\n\n\n\n<p><span style=\"line-height: 1.5em;\">MojeVrijeme.hr&nbsp;zadr\u017eava pravo brisanja, mijenjanja i premje\u0161tanja sadr\u017eaja koji nisu u skladu s Uvjetima kori\u0161tenja.<\/span><\/p>\n\n\n\n<h2 class=\"wp-block-heading\"><span style=\"line-height: 1.5em;\">9.<\/span><\/h2>\n\n\n\n<p><span style=\"line-height: 1.5em;\">MojeVrijeme.hr&nbsp;zadr\u017eava pravo uskrate bilo kojeg dijela stranice ili komentiranja \u010dlanaka osobama za koje procjeni da ne komuniciraju dobronamjerno i\/ili koje se ne pridr\u017eavaju Uvjeta kori\u0161tenja i Pravila lijepog pona\u0161anja, i to bez prethodne najave i obja\u0161njenja.<\/span><\/p>\n\n\n\n<h2 class=\"wp-block-heading\">10.<\/h2>\n\n\n\n<p>MojeVrijeme.hr&nbsp;ne\u0107e na zahtjev korisnika brisati objavljene sadr\u017eaje i kreirane korisni\u010dke ra\u010dune.<\/p>\n\n\n\n<h2 class=\"wp-block-heading\">11.<\/h2>\n\n\n\n<p>MojeVrijeme.hr&nbsp;\u0161titi tajnost podataka svojih korisnika, ali ne mo\u017ee i ne\u0107e biti odgovoran ukoliko uslijed hakerskog napada ti podaci postanu dostupni i drugim osobama. Tako\u0111er \u0107e korisni\u010dke podatke ustupiti isklju\u010divo ovla\u0161tenim osobama u svrhu istrage, pokretanja ili vo\u0111enja sudskih ili drugih postupaka.<\/p>\n\n\n\n<h2 class=\"wp-block-heading\">12.<\/h2>\n\n\n\n<p>Sve poruke objavljene na forumu, Facebook servisima koje prenosi ova stranica ili u komentarima \u010dlanaka predstavljaju mi\u0161ljenje i odgovornost njihovih autora, a MojeVrijeme.hr&nbsp;se ne mo\u017ee smatrati odgovornim za njihov sadr\u017eaj kao ni za eventualne \u0161tete proistekle iz kori\u0161tenja tog sadr\u017eaja.<\/p>\n\n\n\n<h2 class=\"wp-block-heading\">14.<\/h2>\n\n\n\n<p>MojeVrijeme.hr&nbsp;zadr\u017eava pravo reproduciranja i kori\u0161tenja sadr\u017eaja koje korisnici objavljuju na na\u0161em forumu, Facebooku ili u komentarima \u010dlanaka bez naknade i prema vlastitim potrebama.<\/p>\n\n\n\n<h2 class=\"wp-block-heading\">15.<\/h2>\n\n\n\n<p>MojeVrijeme.hr&nbsp;zadr\u017eava pravo izmjene ovih Uvjeta kori\u0161tenja u bilo kojem trenutku te ne\u0107e biti odgovoran ni za kakve posljedice koje mogu proiza\u0107i kao posljedica takvih promjena. Promjene stupaju na snagu trenutkom njihovog objavljivanja na ovim stranicama.<\/p>\n\n\n\n<p><em>Uredni\u0161tvo<\/em><\/p>\n\n\n\n<div id=\"crveno\"><\/p>\n\n\n\n<h3 class=\"wp-block-heading\">Pravila komentiranja \u010dlanaka<\/h3>\n\n\n\n<p>&#8211; Svi konstruktivni, ulju\u0111eni i dobronamjerni komentatori i njihov doprinos na\u0161oj digitalnoj zajednici su dobrodo\u0161li.<\/p>\n\n\n\n<p>&#8211; Komentirajte navode i informacije, a ne osobu koja ih iznosi. Vodite se mi\u0161lju da pametni ljudi komentiraju ideje, pristojni ljudi komentiraju doga\u0111aje, a ostali ogovaraju druge.<\/p>\n\n\n\n<p>&#8211; Izbjegavajte generalizacije, pogotovo rasprave u mi \/ vi tonu (mi Hrvati, vi novinari&#8230;)<\/p>\n\n\n\n<p>&#8211; Argumentirajte svoj stav vjerodostojnim, lako provjerljivim i javnosti dostupnim podacima. Ne koristite upornost umjesto provjerljivih i javno dostupnih podataka. Ne ignorirajte \u010dinjenice koje vam ne idu u prilog. &#8220;Imati mi\u0161ljenje&#8221; nije isto \u0161to i &#8220;biti u pravu&#8221; ili &#8220;znati&#8221;.<\/p>\n\n\n\n<p>&#8211; Pravo na mi\u0161ljenje i sloboda govora jam\u010di da svoje mi\u0161ljenje mo\u017eete izre\u0107i bez kaznenog progona, ali nije sve \u0161to napi\u0161ete prakticiranje prava na mi\u0161ljenje i slobode govora. Pravo na mi\u0161ljenje ne zna\u010di da su sva mi\u0161ljenja jednako vrijedna i da ih treba uva\u017eavati kao kvalificirana i utemeljena mi\u0161ljenja. Pravo na slobodu govora ne zna\u010di da imate pravo sva\u010diji prostor koristiti za izno\u0161enje \u0161tetnih, klevetni\u010dkih, neutemeljenih, uvredljivih i nekvalificiranih mi\u0161ljenja.<\/p>\n\n\n\n<p>&#8211; Govor mr\u017enje, \u0161irenje netrpeljivosti prema ranjivim skupinama, veli\u010danje fa\u0161izma i fa\u0161isti\u010dkih re\u017eima, zajedno sa njegovim znakovljem, nije dopu\u0161teno.<\/p>\n\n\n\n<p>&#8211; Prije nego objavite komentar zapitajte se je li njegova svrha uvrijediti ili poniziti osobu \u010dije izjave komentirate ili osobu koju komentirate. Ako jest, nemojte objaviti taj komentar. Nasilni komentari i njihovi autori nisu dobrodo\u0161li u na\u0161em digitalnom prostoru.<\/p>\n\n\n\n<p>&#8211; Provociranje, vrije\u0111anje na\u0161ih autora i moderatora nije dopu\u0161teno. Zbog ekonomike na\u0161eg vremena, ne tagirajte moderatore u svojim komentarima, osim kada je to nu\u017eno i kada je u skladu s ovim pravilima. Komentatorima koji namjerno kr\u0161e ova pravila bit \u0107e uskra\u0107ena mogu\u0107nost komentiranja.<\/p>\n\n\n\n<p><\/div>\n","protected":false},"excerpt":{"rendered":"<p>1. Uvjeti kori\u0161tenja se primjenjuju na sve korisnike MojeVrijeme.hr stranice i njenih servisa. Pretpostavlja se da ste kori\u0161tenjem ovih stranica, ili bilo kojeg njihovog dijela, u svakom trenutku upoznati s aktualnim sadr\u017eajem Uvjeta kori\u0161tenja te da ste ih u potpunosti razumjeli i prihvatili. 2. Ova internetska stranica pokriva veliki raspon tema, od informativnih sadr\u017eaja op\u0107eg [&hellip;]<\/p>\n","protected":false},"author":1,"featured_media":0,"parent":0,"menu_order":0,"comment_status":"closed","ping_status":"open","template":"page-fullwidth.php","meta":{"footnotes":""},"class_list":["post-208","page","type-page","status-publish","hentry"],"_links":{"self":[{"href":"https:\/\/www.mojevrijeme.hr\/magazin\/wp-json\/wp\/v2\/pages\/208","targetHints":{"allow":["GET"]}}],"collection":[{"href":"https:\/\/www.mojevrijeme.hr\/magazin\/wp-json\/wp\/v2\/pages"}],"about":[{"href":"https:\/\/www.mojevrijeme.hr\/magazin\/wp-json\/wp\/v2\/types\/page"}],"author":[{"embeddable":true,"href":"https:\/\/www.mojevrijeme.hr\/magazin\/wp-json\/wp\/v2\/users\/1"}],"replies":[{"embeddable":true,"href":"https:\/\/www.mojevrijeme.hr\/magazin\/wp-json\/wp\/v2\/comments?post=208"}],"version-history":[{"count":3,"href":"https:\/\/www.mojevrijeme.hr\/magazin\/wp-json\/wp\/v2\/pages\/208\/revisions"}],"predecessor-version":[{"id":140941,"href":"https:\/\/www.mojevrijeme.hr\/magazin\/wp-json\/wp\/v2\/pages\/208\/revisions\/140941"}],"wp:attachment":[{"href":"https:\/\/www.mojevrijeme.hr\/magazin\/wp-json\/wp\/v2\/media?parent=208"}],"curies":[{"name":"wp","href":"https:\/\/api.w.org\/{rel}","templated":true}]}}