{"id":218,"date":"2014-02-26T18:54:50","date_gmt":"2014-02-26T17:54:50","guid":{"rendered":"http:\/\/mojevrijeme.com\/?page_id=218"},"modified":"2026-02-06T13:20:31","modified_gmt":"2026-02-06T12:20:31","slug":"kontakt","status":"publish","type":"page","link":"https:\/\/www.mojevrijeme.hr\/magazin\/kontakt\/","title":{"rendered":"Impresum"},"content":{"rendered":"\n<div style=\"height:100px\" aria-hidden=\"true\" class=\"wp-block-spacer\"><\/div>\n\n\n\n<p class=\"has-text-align-center\"><span style=\"line-height: 1.5em;\">glavni urednik: <\/span>Sini\u0161a Bogdani\u0107<br>novinari: Silvija Novak, Ksenija Habunek, Gordana Arh<br>urednik fotografije: Sandro Bura<\/p>\n\n\n\n<h3 class=\"wp-block-heading has-text-align-center\">Nakladnik<\/h3>\n\n\n\n<p class=\"has-text-align-center\"><a href=\"http:\/\/hocustranicu.hr\" target=\"_blank\" rel=\"noreferrer noopener\">Udruga za razvoj internetskih sadr\u017eaja <strong>Ho\u0107u Stranicu<\/strong><\/a><br>a: Aleja Bla\u017ea Juri\u0161i\u0107a 9, 10 040 Zagreb<br>oib:\u00a046814461899<br>iban: HR0223400091110460170<br>swift: PBZGHR2X<br>e: <code>redakcija@mojevrijeme.hr<\/code><br>Ho\u0107u stranicu je nakladnik i <a href=\"http:\/\/koliko.hr\" data-type=\"link\" data-id=\"koliko.hr\">Koliko.HR<\/a> portala.<\/p>\n\n\n\n<h3 class=\"wp-block-heading has-text-align-center\">Marketing<\/h3>\n\n\n\n<p class=\"has-text-align-center\"><a href=\"https:\/\/www.mojevrijeme.hr\/magazin\/cjenik-oglasavanja\/\">Cjenik ogla\u0161avanja<\/a><\/p>\n\n\n\n<div style=\"height:100px\" aria-hidden=\"true\" class=\"wp-block-spacer\"><\/div>\n\n\n\n<hr class=\"wp-block-separator has-text-color has-cyan-bluish-gray-color has-alpha-channel-opacity has-cyan-bluish-gray-background-color has-background\"\/>\n\n\n\n<p><em>Portal MojeVrijeme.hr objavljuje od 25. velja\u010de 2014<\/em>., a<em> 24. kolovoza 2015. godine upisan je u Knjigu pru\u017eatelja elektroni\u010dkih publikacija pri Agenciji za elektroni\u010dke medije pod brojem 43\/15.<\/em> <em>Portal je korisnik sredstava Europskog socijalnog fonda (2020-2022), Fonda za pluralizam medija (2017-2022) te Grada Zagreba (2018-2020)<\/em>.<\/p>\n\n\n\n<p><em>Uz klasi\u010dnu fotografiju i infografiku, portal MojeVrijeme.hr koristi i umjetnu inteligenciju za kreiranje ilustracija pri \u010demu su takvi sadr\u017eaji jasno istaknuti kao ilustracije i nikada nisu atribuirani kao fotografije.<\/em> <em>Iako su dijelovi na\u0161eg portala namijenjeni sadr\u017eaju koji stvaraju korisnici, ne preuzimamo obvezu objave dostavljenih materijala. <\/em><\/p>\n\n\n\n<hr class=\"wp-block-separator has-text-color has-cyan-bluish-gray-color has-alpha-channel-opacity has-cyan-bluish-gray-background-color has-background\"\/>\n\n\n\n<div style=\"height:100px\" aria-hidden=\"true\" class=\"wp-block-spacer\"><\/div>\n\n\n\n<h3 class=\"wp-block-heading has-text-align-center\">Po\u0161aljite nam poruku<\/h3>\n\n\n\n    <div class=\"postar-duje-wrap\">\r\n      <form id=\"postar-duje-form\" method=\"post\" novalidate>\r\n        <input type=\"hidden\" id=\"postar_duje_nonce\" name=\"postar_duje_nonce\" value=\"9f7d473375\" \/><input type=\"hidden\" name=\"_wp_http_referer\" value=\"\/magazin\/wp-json\/wp\/v2\/pages\/218\" \/>        <input type=\"text\" name=\"postar_duje_honeypot\" style=\"display:none\" tabindex=\"-1\" autocomplete=\"off\">\r\n        <input type=\"hidden\" name=\"postar_duje_timestamp\" value=\"1778045452\">\r\n        <input type=\"hidden\" name=\"postar_duje_post_id\" value=\"218\">\r\n        <input type=\"hidden\" name=\"postar_duje_once\" value=\"755645e9-90e6-4387-95a1-335b61308185\">\r\n\r\n        <div class=\"postar-duje-field\">\r\n          <label for=\"postar-duje-name\" class=\"postar-duje-label\">Ime ili nadimak <span aria-hidden=\"true\" style=\"color:#b32d2e\">*<\/span><\/label>\r\n          <input type=\"text\" id=\"postar-duje-name\" name=\"postar_duje_name\" maxlength=\"50\" required\r\n                 class=\"postar-duje-input\"\r\n                 aria-invalid=\"false\"\r\n                 value=\"\">\r\n                  <\/div>\r\n\r\n        <div class=\"postar-duje-field\">\r\n          <label for=\"postar-duje-email\" class=\"postar-duje-label\">E-mail (neobavezno)<\/label>\r\n          <input type=\"email\" id=\"postar-duje-email\" name=\"postar_duje_email\" maxlength=\"50\" class=\"postar-duje-input\"\r\n                 value=\"\">\r\n          <div class=\"postar-duje-note\">Ako \u017eelite odgovor, upi\u0161ite e-mail.<\/div>\r\n        <\/div>\r\n\r\n        <div class=\"postar-duje-field\">\r\n          <label for=\"postar-duje-message\" class=\"postar-duje-label\">Poruka <span aria-hidden=\"true\" style=\"color:#b32d2e\">*<\/span><\/label>\r\n          <textarea id=\"postar-duje-message\" name=\"postar_duje_message\" maxlength=\"7000\" required rows=\"6\"\r\n                    class=\"postar-duje-textarea\"\r\n                    aria-invalid=\"false\"><\/textarea>\r\n                  <\/div>\r\n\r\n        <button type=\"submit\" class=\"postar-duje-btn\">\r\n          <span class=\"dashicons dashicons-email\"><\/span><b>Po\u0161alji poruku<\/b>\r\n        <\/button>\r\n      <\/form>\r\n    <\/div>\r\n\r\n    <script>\r\n    (function(){\r\n      const f = document.getElementById('postar-duje-form');\r\n      if(!f) return;\r\n      let locked = false;\r\n\r\n      f.addEventListener('submit', function(e){\r\n        if (locked) { e.preventDefault(); return; }\r\n\r\n        let ok = true;\r\n        const name = f.querySelector('#postar-duje-name');\r\n        const msg  = f.querySelector('#postar-duje-message');\r\n\r\n        [name,msg].forEach(el=>{\r\n          const err = el.parentNode.querySelector('.postar-duje-error');\r\n          if(err) err.remove();\r\n          el.setAttribute('aria-invalid','false');\r\n          if(!el.value.trim()){\r\n            const div = document.createElement('div');\r\n            div.className='postar-duje-error';\r\n            div.textContent = el===name ? 'Polje \"Ime\" je obavezno.' : 'Polje \"Poruka\" je obavezno.';\r\n            el.parentNode.appendChild(div);\r\n            el.setAttribute('aria-invalid','true');\r\n            ok = false;\r\n          }\r\n        });\r\n\r\n        if(!ok){ e.preventDefault(); return; }\r\n\r\n        locked = true;\r\n        const btn = f.querySelector('button[type=\"submit\"]');\r\n        if (btn) {\r\n          btn.setAttribute('disabled','disabled');\r\n          btn.dataset.originalText = btn.textContent;\r\n          btn.textContent = '\u0160aljem\u2026';\r\n        }\r\n\r\n        \/\/ safety-net: otklju\u010daj nakon 15s ako ne\u0161to pukne\r\n        setTimeout(function(){\r\n          if (locked) {\r\n            locked = false;\r\n            if (btn) {\r\n              btn.removeAttribute('disabled');\r\n              btn.textContent = btn.dataset.originalText || 'Po\u0161alji poruku';\r\n            }\r\n          }\r\n        }, 15000);\r\n      });\r\n    })();\r\n    <\/script>\r\n    \n","protected":false},"excerpt":{"rendered":"<p>glavni urednik: Sini\u0161a Bogdani\u0107novinari: Silvija Novak, Ksenija Habunek, Gordana Arhurednik fotografije: Sandro Bura Nakladnik Udruga za razvoj internetskih sadr\u017eaja Ho\u0107u Stranicua: Aleja Bla\u017ea Juri\u0161i\u0107a 9, 10 040 Zagreboib:\u00a046814461899iban: HR0223400091110460170swift: PBZGHR2Xe: redakcija@mojevrijeme.hrHo\u0107u stranicu je nakladnik i Koliko.HR portala. Marketing Cjenik ogla\u0161avanja Portal MojeVrijeme.hr objavljuje od 25. velja\u010de 2014., a 24. kolovoza 2015. godine upisan je u [&hellip;]<\/p>\n","protected":false},"author":1,"featured_media":0,"parent":0,"menu_order":0,"comment_status":"closed","ping_status":"open","template":"page-fullwidth.php","meta":{"footnotes":""},"class_list":["post-218","page","type-page","status-publish","hentry"],"_links":{"self":[{"href":"https:\/\/www.mojevrijeme.hr\/magazin\/wp-json\/wp\/v2\/pages\/218","targetHints":{"allow":["GET"]}}],"collection":[{"href":"https:\/\/www.mojevrijeme.hr\/magazin\/wp-json\/wp\/v2\/pages"}],"about":[{"href":"https:\/\/www.mojevrijeme.hr\/magazin\/wp-json\/wp\/v2\/types\/page"}],"author":[{"embeddable":true,"href":"https:\/\/www.mojevrijeme.hr\/magazin\/wp-json\/wp\/v2\/users\/1"}],"replies":[{"embeddable":true,"href":"https:\/\/www.mojevrijeme.hr\/magazin\/wp-json\/wp\/v2\/comments?post=218"}],"version-history":[{"count":2,"href":"https:\/\/www.mojevrijeme.hr\/magazin\/wp-json\/wp\/v2\/pages\/218\/revisions"}],"predecessor-version":[{"id":148851,"href":"https:\/\/www.mojevrijeme.hr\/magazin\/wp-json\/wp\/v2\/pages\/218\/revisions\/148851"}],"wp:attachment":[{"href":"https:\/\/www.mojevrijeme.hr\/magazin\/wp-json\/wp\/v2\/media?parent=218"}],"curies":[{"name":"wp","href":"https:\/\/api.w.org\/{rel}","templated":true}]}}