{"id":73697,"date":"2023-05-12T18:56:34","date_gmt":"2023-05-12T16:56:34","guid":{"rendered":"https:\/\/www.mojevrijeme.hr\/magazin\/?page_id=73697"},"modified":"2024-09-29T19:03:27","modified_gmt":"2024-09-29T17:03:27","slug":"draga-ksenija","status":"publish","type":"page","link":"https:\/\/www.mojevrijeme.hr\/magazin\/draga-ksenija\/","title":{"rendered":"Draga Ksenija"},"content":{"rendered":"\n<p>Ne\u0161to vas mu\u010di? O ne\u010demu razmi\u0161ljate? Imate problem o kojem biste se rado posavjetovali s na\u0161om kolumnisticom<strong> Ksenijom Habunek<\/strong>? Napi\u0161ite nam to u donjem obrascu potpuno <strong>anonimno<\/strong>, a mi \u0107emo to novinarski urediti, te objaviti na na\u0161im stranicama uz Ksenijin odgovor.<\/p>\n\n\n\n<p>Prije nego pritisnite gumb <strong>&#8220;Po\u0161alji&#8221;<\/strong> budite sigurni da ste: <\/p>\n\n\n\n<ul class=\"wp-block-list\">\n<li>ispri\u010dali cijelu pri\u010du sa \u0161to vi\u0161e va\u017enih i istinitih detalja<\/li>\n\n\n\n<li>ako je mogu\u0107e, uklju\u010dili i perspektive osoba o kojima pi\u0161ete<\/li>\n\n\n\n<li>jasno formulirali pitanje ili komentar<\/li>\n\n\n\n<li>napisali podatke prema kojima mo\u017eemo zamisliti va\u0161u osobu (dob, spol, obrazovanje, veli\u010dina grada ili mjesta u kojem \u017eivite&#8230;)<\/li>\n<\/ul>\n\n\n\n<p>Unos <em>e-mail<\/em> adrese nije nu\u017ean, no mo\u017ee nam pomo\u0107i u slu\u010daju da vam se po\u017eelimo javiti povratnom porukom.<\/p>\n\n\n\n    <div class=\"postar-duje-wrap\">\r\n      <form id=\"postar-duje-form\" method=\"post\" novalidate>\r\n        <input type=\"hidden\" id=\"postar_duje_nonce\" name=\"postar_duje_nonce\" value=\"53c56b6947\" \/><input type=\"hidden\" name=\"_wp_http_referer\" value=\"\/magazin\/wp-json\/wp\/v2\/pages\/73697\" \/>        <input type=\"text\" name=\"postar_duje_honeypot\" style=\"display:none\" tabindex=\"-1\" autocomplete=\"off\">\r\n        <input type=\"hidden\" name=\"postar_duje_timestamp\" value=\"1777982011\">\r\n        <input type=\"hidden\" name=\"postar_duje_post_id\" value=\"73697\">\r\n        <input type=\"hidden\" name=\"postar_duje_once\" value=\"0986748e-28c1-45c2-bdf0-6d09582b50c6\">\r\n\r\n        <div class=\"postar-duje-field\">\r\n          <label for=\"postar-duje-name\" class=\"postar-duje-label\">Ime ili nadimak <span aria-hidden=\"true\" style=\"color:#b32d2e\">*<\/span><\/label>\r\n          <input type=\"text\" id=\"postar-duje-name\" name=\"postar_duje_name\" maxlength=\"50\" required\r\n                 class=\"postar-duje-input\"\r\n                 aria-invalid=\"false\"\r\n                 value=\"\">\r\n                  <\/div>\r\n\r\n        <div class=\"postar-duje-field\">\r\n          <label for=\"postar-duje-email\" class=\"postar-duje-label\">E-mail (neobavezno)<\/label>\r\n          <input type=\"email\" id=\"postar-duje-email\" name=\"postar_duje_email\" maxlength=\"50\" class=\"postar-duje-input\"\r\n                 value=\"\">\r\n          <div class=\"postar-duje-note\">Ako \u017eelite odgovor, upi\u0161ite e-mail.<\/div>\r\n        <\/div>\r\n\r\n        <div class=\"postar-duje-field\">\r\n          <label for=\"postar-duje-message\" class=\"postar-duje-label\">Poruka <span aria-hidden=\"true\" style=\"color:#b32d2e\">*<\/span><\/label>\r\n          <textarea id=\"postar-duje-message\" name=\"postar_duje_message\" maxlength=\"7000\" required rows=\"6\"\r\n                    class=\"postar-duje-textarea\"\r\n                    aria-invalid=\"false\"><\/textarea>\r\n                  <\/div>\r\n\r\n        <button type=\"submit\" class=\"postar-duje-btn\">\r\n          <span class=\"dashicons dashicons-email\"><\/span><b>Po\u0161alji poruku<\/b>\r\n        <\/button>\r\n      <\/form>\r\n    <\/div>\r\n\r\n    <script>\r\n    (function(){\r\n      const f = document.getElementById('postar-duje-form');\r\n      if(!f) return;\r\n      let locked = false;\r\n\r\n      f.addEventListener('submit', function(e){\r\n        if (locked) { e.preventDefault(); return; }\r\n\r\n        let ok = true;\r\n        const name = f.querySelector('#postar-duje-name');\r\n        const msg  = f.querySelector('#postar-duje-message');\r\n\r\n        [name,msg].forEach(el=>{\r\n          const err = el.parentNode.querySelector('.postar-duje-error');\r\n          if(err) err.remove();\r\n          el.setAttribute('aria-invalid','false');\r\n          if(!el.value.trim()){\r\n            const div = document.createElement('div');\r\n            div.className='postar-duje-error';\r\n            div.textContent = el===name ? 'Polje \"Ime\" je obavezno.' : 'Polje \"Poruka\" je obavezno.';\r\n            el.parentNode.appendChild(div);\r\n            el.setAttribute('aria-invalid','true');\r\n            ok = false;\r\n          }\r\n        });\r\n\r\n        if(!ok){ e.preventDefault(); return; }\r\n\r\n        locked = true;\r\n        const btn = f.querySelector('button[type=\"submit\"]');\r\n        if (btn) {\r\n          btn.setAttribute('disabled','disabled');\r\n          btn.dataset.originalText = btn.textContent;\r\n          btn.textContent = '\u0160aljem\u2026';\r\n        }\r\n\r\n        \/\/ safety-net: otklju\u010daj nakon 15s ako ne\u0161to pukne\r\n        setTimeout(function(){\r\n          if (locked) {\r\n            locked = false;\r\n            if (btn) {\r\n              btn.removeAttribute('disabled');\r\n              btn.textContent = btn.dataset.originalText || 'Po\u0161alji poruku';\r\n            }\r\n          }\r\n        }, 15000);\r\n      });\r\n    })();\r\n    <\/script>\r\n    \n\n\n\n<p><em>Polje za poruku mo\u017eete pro\u0161iriti tako da mi\u0161em uhvatite njegov donji desni ugao&nbsp;i povu\u010dete ga prema dolje.<\/em><\/p>\n","protected":false},"excerpt":{"rendered":"<p>Ne\u0161to vas mu\u010di? O ne\u010demu razmi\u0161ljate? Imate problem o kojem biste se rado posavjetovali s na\u0161om kolumnisticom Ksenijom Habunek? Napi\u0161ite nam to u donjem obrascu potpuno anonimno, a mi \u0107emo to novinarski urediti, te objaviti na na\u0161im stranicama uz Ksenijin odgovor. Prije nego pritisnite gumb &#8220;Po\u0161alji&#8221; budite sigurni da ste: Unos e-mail adrese nije nu\u017ean, [&hellip;]<\/p>\n","protected":false},"author":1,"featured_media":0,"parent":0,"menu_order":0,"comment_status":"closed","ping_status":"closed","template":"","meta":{"footnotes":""},"class_list":["post-73697","page","type-page","status-publish","hentry"],"_links":{"self":[{"href":"https:\/\/www.mojevrijeme.hr\/magazin\/wp-json\/wp\/v2\/pages\/73697","targetHints":{"allow":["GET"]}}],"collection":[{"href":"https:\/\/www.mojevrijeme.hr\/magazin\/wp-json\/wp\/v2\/pages"}],"about":[{"href":"https:\/\/www.mojevrijeme.hr\/magazin\/wp-json\/wp\/v2\/types\/page"}],"author":[{"embeddable":true,"href":"https:\/\/www.mojevrijeme.hr\/magazin\/wp-json\/wp\/v2\/users\/1"}],"replies":[{"embeddable":true,"href":"https:\/\/www.mojevrijeme.hr\/magazin\/wp-json\/wp\/v2\/comments?post=73697"}],"version-history":[{"count":0,"href":"https:\/\/www.mojevrijeme.hr\/magazin\/wp-json\/wp\/v2\/pages\/73697\/revisions"}],"wp:attachment":[{"href":"https:\/\/www.mojevrijeme.hr\/magazin\/wp-json\/wp\/v2\/media?parent=73697"}],"curies":[{"name":"wp","href":"https:\/\/api.w.org\/{rel}","templated":true}]}}